{"id":6059,"date":"2024-07-07T18:52:45","date_gmt":"2024-07-07T15:52:45","guid":{"rendered":"https:\/\/veterineronkoloji.com\/ayse-can\/"},"modified":"2024-07-07T19:05:10","modified_gmt":"2024-07-07T16:05:10","slug":"ayse-can","status":"publish","type":"page","link":"https:\/\/veterineronkoloji.com\/en\/ayse-can\/","title":{"rendered":"Ay\u015fe Can"},"content":{"rendered":"<section class=\"wpb-content-wrapper\"><p>[vc_row vc_row_background=&#8221;&#8221; css=&#8221;.vc_custom_1668854475547{margin-top: -10px !important;}&#8221;][vc_column width=&#8221;1\/4&#8243;][vc_single_image image=&#8221;1651&#8243; img_size=&#8221;full&#8221; style=&#8221;vc_box_shadow_3d&#8221;][vc_custom_heading text=&#8221;Veterinarian&#8221; font_container=&#8221;tag:h3|font_size:18|text_align:left|color:%23161616&#8243; google_fonts=&#8221;font_family:Merriweather%20Sans%3A300%2C300italic%2Cregular%2Citalic%2C700%2C700italic%2C800%2C800italic|font_style:400%20regular%3A400%3Anormal&#8221; css=&#8221;.vc_custom_1720367753625{margin-top: -20px !important;}&#8221;][\/vc_column][vc_column width=&#8221;3\/4&#8243;][vc_tta_tabs][vc_tta_section title=&#8221;Biography&#8221; tab_id=&#8221;1668852179484-7755a3c4-ad2a&#8221;][vc_column_text]1989 y\u0131l\u0131nda Bulgaristan&#8217;da do\u011fmu\u015ftur. 2011 y\u0131l\u0131nda \u0130stanbul \u00dcniversitesi Veteriner Fak\u00fcltesi&#8217;nde lisans e\u011fitimini tamamlam\u0131\u015f, staj\u0131n\u0131 \u0130zmir TJK ve \u0130stanbul \u00dcniversitesi D\u00f6lerme ve Suni Tohumlama Anabilim Dal\u0131&#8217;nda tamamlad\u0131ktan sonra ayn\u0131 anabilim dal\u0131nda Doktora program\u0131na ba\u015flam\u0131\u015ft\u0131r. 2011 y\u0131l\u0131nda Teknogiri\u015fim kapsam\u0131nda Bilim, Sanayi ve Teknoloji Bakanl\u0131\u011f\u0131&#8217;na sundu\u011fu &#8220;Y\u00fcksek Verimli Saanen Irk\u0131 Ke\u00e7i Embriyolar\u0131n\u0131n Dondurulup Saklanmas\u0131&#8221; adl\u0131 projeyle devlet deste\u011fi alarak 3 ortakl\u0131 ve 1 dan\u0131\u015fmanl\u0131 \u015firket kurup, projeyi ba\u015far\u0131yla tamamlad\u0131ktan sonra \u015firketin ortakl\u0131\u011f\u0131ndan ayr\u0131lm\u0131\u015ft\u0131r. Doktoras\u0131 esnas\u0131nda k\u00f6k h\u00fccre, transgenezis ve klonlama \u00e7al\u0131\u015fmalar\u0131nda yer alarak, 2016 y\u0131l\u0131nda &#8220;Transgenik Tav\u015fan Embriyosu \u00dcretiminde ICSI, Intrastoplazmik Enjeksiyon ve Pron\u00fcklear Enjeksiyon Y\u00f6ntemlerinin Kar\u015f\u0131la\u015ft\u0131r\u0131lmas\u0131&#8221; isimli tez \u00e7al\u0131\u015fmas\u0131 ile doktoras\u0131n\u0131 tamamlayarak Dr. \u00fcnvan\u0131n\u0131 alm\u0131\u015ft\u0131r. 2012 y\u0131l\u0131ndan bu yana klini\u011fimizde pet ve egzotik hayvan hekimli\u011fi yapmaktad\u0131r. Evini Nept\u00fcn ve M\u00fczeyyen isimli iki kedisiyle payla\u015fmaktad\u0131r.[\/vc_column_text][\/vc_tta_section][vc_tta_section title=&#8221;Seminars, Congresses and Panels&#8221; tab_id=&#8221;1668852179484-c7ce5308-7a7e&#8221;][vc_column_text]9., 10., 11., 12., 13. ve 14. K\u00fc\u00e7\u00fck Hayvan Veteriner Hekimleri Derne\u011fi S\u00fcrekli E\u011fitim Kongresi<br \/>\n4. Veteriner T\u0131p Acil ve Yo\u011fun Bak\u0131m Kongresi<br \/>\n5. DETAE G\u00fcnleri, Deneysel Ara\u015ft\u0131rmalar ve Klini\u011fe Yans\u0131malar\u0131[\/vc_column_text][\/vc_tta_section][vc_tta_section title=&#8221;Publications&#8221; tab_id=&#8221;1668852320081-7d219a20-d9b5&#8243;][vc_column_text]Effect of Different Activation Techniques on Immature and In Vitro Matured Cat Oocytes[\/vc_column_text][\/vc_tta_section][vc_tta_section i_icon_fontawesome=&#8221;fas fa-photo-video&#8221; add_icon=&#8221;true&#8221; title=&#8221;Gallery&#8221; tab_id=&#8221;1669372149064-ab0fc964-11e2&#8243;][\/vc_tta_section][\/vc_tta_tabs][\/vc_column][\/vc_row]<\/p>\n<\/section>","protected":false},"excerpt":{"rendered":"<p>[vc_row vc_row_background=&#8221;&#8221; css=&#8221;.vc_custom_1668854475547{margin-top: -10px !important;}&#8221;][vc_column width=&#8221;1\/4&#8243;][vc_single_image image=&#8221;1651&#8243; img_size=&#8221;full&#8221; style=&#8221;vc_box_shadow_3d&#8221;][vc_custom_heading text=&#8221;Veterinarian&#8221; font_container=&#8221;tag:h3|font_size:18|text_align:left|color:%23161616&#8243; google_fonts=&#8221;font_family:Merriweather%20Sans%3A300%2C300italic%2Cregular%2Citalic%2C700%2C700italic%2C800%2C800italic|font_style:400%20regular%3A400%3Anormal&#8221; css=&#8221;.vc_custom_1720367753625{margin-top: -20px !important;}&#8221;][\/vc_column][vc_column width=&#8221;3\/4&#8243;][vc_tta_tabs][vc_tta_section title=&#8221;Biography&#8221; tab_id=&#8221;1668852179484-7755a3c4-ad2a&#8221;][vc_column_text]1989 y\u0131l\u0131nda Bulgaristan&#8217;da do\u011fmu\u015ftur. 2011 y\u0131l\u0131nda \u0130stanbul \u00dcniversitesi Veteriner Fak\u00fcltesi&#8217;nde lisans e\u011fitimini tamamlam\u0131\u015f, staj\u0131n\u0131 \u0130zmir TJK ve \u0130stanbul \u00dcniversitesi D\u00f6lerme ve Suni Tohumlama Anabilim Dal\u0131&#8217;nda tamamlad\u0131ktan sonra ayn\u0131 anabilim dal\u0131nda Doktora program\u0131na ba\u015flam\u0131\u015ft\u0131r. 2011 y\u0131l\u0131nda Teknogiri\u015fim kapsam\u0131nda Bilim, [&hellip;]<\/p>\n","protected":false},"author":1,"featured_media":1653,"parent":0,"menu_order":0,"comment_status":"closed","ping_status":"closed","template":"","meta":{"footnotes":""},"class_list":["post-6059","page","type-page","status-publish","has-post-thumbnail","hentry"],"yoast_head":"<!-- This site is optimized with the Yoast SEO plugin v22.6 - https:\/\/yoast.com\/wordpress\/plugins\/seo\/ -->\n<title>Veteriner Onkoloji - Ay\u015fe Can<\/title>\n<meta name=\"description\" content=\"1989 y\u0131l\u0131nda Bulgaristan&#039;da do\u011fmu\u015ftur. 2011 y\u0131l\u0131nda \u0130stanbul \u00dcniversitesi Veteriner Fak\u00fcltesi&#039;nde lisans e\u011fitimini tamamlam\u0131\u015f, staj\u0131n\u0131 \u0130zmir TJK ve\" \/>\n<meta name=\"robots\" content=\"index, follow, max-snippet:-1, max-image-preview:large, max-video-preview:-1\" \/>\n<link rel=\"canonical\" href=\"https:\/\/veterineronkoloji.com\/ayse-can\/\" \/>\n<meta property=\"og:locale\" content=\"en_US\" \/>\n<meta property=\"og:type\" content=\"article\" \/>\n<meta property=\"og:title\" content=\"Veteriner Onkoloji - Ay\u015fe Can\" \/>\n<meta property=\"og:description\" content=\"1989 y\u0131l\u0131nda Bulgaristan&#039;da do\u011fmu\u015ftur. 2011 y\u0131l\u0131nda \u0130stanbul \u00dcniversitesi Veteriner Fak\u00fcltesi&#039;nde lisans e\u011fitimini tamamlam\u0131\u015f, staj\u0131n\u0131 \u0130zmir TJK ve\" \/>\n<meta property=\"og:url\" content=\"https:\/\/veterineronkoloji.com\/ayse-can\/\" \/>\n<meta property=\"og:site_name\" content=\"Veteriner Onkoloji\" \/>\n<meta property=\"article:publisher\" content=\"https:\/\/www.facebook.com\/adaveterinerpoliklinik\/\" \/>\n<meta property=\"article:modified_time\" content=\"2024-07-07T16:05:10+00:00\" \/>\n<meta property=\"og:image\" content=\"https:\/\/veterineronkoloji.com\/wp-content\/uploads\/2022\/11\/ayse-can-00b1d0ad.jpg\" \/>\n\t<meta property=\"og:image:width\" content=\"400\" \/>\n\t<meta property=\"og:image:height\" content=\"400\" \/>\n\t<meta property=\"og:image:type\" content=\"image\/jpeg\" \/>\n<meta name=\"twitter:card\" content=\"summary_large_image\" \/>\n<meta name=\"twitter:site\" content=\"@AdaPoliclinic\" \/>\n<meta name=\"twitter:label1\" content=\"Est. reading time\" \/>\n\t<meta name=\"twitter:data1\" content=\"2 minutes\" \/>\n<script type=\"application\/ld+json\" class=\"yoast-schema-graph\">{\"@context\":\"https:\/\/schema.org\",\"@graph\":[{\"@type\":\"WebPage\",\"@id\":\"https:\/\/veterineronkoloji.com\/ayse-can\/\",\"url\":\"https:\/\/veterineronkoloji.com\/ayse-can\/\",\"name\":\"Veteriner Onkoloji - Ay\u015fe Can\",\"isPartOf\":{\"@id\":\"https:\/\/veterineronkoloji.com\/#website\"},\"primaryImageOfPage\":{\"@id\":\"https:\/\/veterineronkoloji.com\/ayse-can\/#primaryimage\"},\"image\":{\"@id\":\"https:\/\/veterineronkoloji.com\/ayse-can\/#primaryimage\"},\"thumbnailUrl\":\"https:\/\/veterineronkoloji.com\/wp-content\/uploads\/2022\/11\/ayse-can-00b1d0ad.jpg\",\"datePublished\":\"2024-07-07T15:52:45+00:00\",\"dateModified\":\"2024-07-07T16:05:10+00:00\",\"description\":\"1989 y\u0131l\u0131nda Bulgaristan'da do\u011fmu\u015ftur. 2011 y\u0131l\u0131nda \u0130stanbul \u00dcniversitesi Veteriner Fak\u00fcltesi'nde lisans e\u011fitimini tamamlam\u0131\u015f, staj\u0131n\u0131 \u0130zmir TJK ve\",\"breadcrumb\":{\"@id\":\"https:\/\/veterineronkoloji.com\/ayse-can\/#breadcrumb\"},\"inLanguage\":\"en-US\",\"potentialAction\":[{\"@type\":\"ReadAction\",\"target\":[\"https:\/\/veterineronkoloji.com\/ayse-can\/\"]}]},{\"@type\":\"ImageObject\",\"inLanguage\":\"en-US\",\"@id\":\"https:\/\/veterineronkoloji.com\/ayse-can\/#primaryimage\",\"url\":\"https:\/\/veterineronkoloji.com\/wp-content\/uploads\/2022\/11\/ayse-can-00b1d0ad.jpg\",\"contentUrl\":\"https:\/\/veterineronkoloji.com\/wp-content\/uploads\/2022\/11\/ayse-can-00b1d0ad.jpg\",\"width\":400,\"height\":400},{\"@type\":\"BreadcrumbList\",\"@id\":\"https:\/\/veterineronkoloji.com\/ayse-can\/#breadcrumb\",\"itemListElement\":[{\"@type\":\"ListItem\",\"position\":1,\"name\":\"Anasayfa\",\"item\":\"https:\/\/veterineronkoloji.com\/en\/\"},{\"@type\":\"ListItem\",\"position\":2,\"name\":\"Ay\u015fe Can\"}]},{\"@type\":\"WebSite\",\"@id\":\"https:\/\/veterineronkoloji.com\/#website\",\"url\":\"https:\/\/veterineronkoloji.com\/\",\"name\":\"Veteriner Onkoloji\",\"description\":\"Ada Veteriner\",\"publisher\":{\"@id\":\"https:\/\/veterineronkoloji.com\/#organization\"},\"potentialAction\":[{\"@type\":\"SearchAction\",\"target\":{\"@type\":\"EntryPoint\",\"urlTemplate\":\"https:\/\/veterineronkoloji.com\/?s={search_term_string}\"},\"query-input\":\"required name=search_term_string\"}],\"inLanguage\":\"en-US\"},{\"@type\":\"Organization\",\"@id\":\"https:\/\/veterineronkoloji.com\/#organization\",\"name\":\"Ada Veteriner - Veteriner Onkoloji\",\"url\":\"https:\/\/veterineronkoloji.com\/\",\"logo\":{\"@type\":\"ImageObject\",\"inLanguage\":\"en-US\",\"@id\":\"https:\/\/veterineronkoloji.com\/#\/schema\/logo\/image\/\",\"url\":\"https:\/\/veterineronkoloji.com\/wp-content\/uploads\/2023\/04\/ada-veterinary-oncology-clinic-logo.png\",\"contentUrl\":\"https:\/\/veterineronkoloji.com\/wp-content\/uploads\/2023\/04\/ada-veterinary-oncology-clinic-logo.png\",\"width\":324,\"height\":200,\"caption\":\"Ada Veteriner - Veteriner Onkoloji\"},\"image\":{\"@id\":\"https:\/\/veterineronkoloji.com\/#\/schema\/logo\/image\/\"},\"sameAs\":[\"https:\/\/www.facebook.com\/adaveterinerpoliklinik\/\",\"https:\/\/x.com\/AdaPoliclinic\",\"https:\/\/www.instagram.com\/adapoliclinic\/\",\"https:\/\/www.linkedin.com\/company\/ada-veterinary-policlinic\/\"]}]}<\/script>\n<!-- \/ Yoast SEO plugin. -->","yoast_head_json":{"title":"Veteriner Onkoloji - Ay\u015fe Can","description":"1989 y\u0131l\u0131nda Bulgaristan'da do\u011fmu\u015ftur. 2011 y\u0131l\u0131nda \u0130stanbul \u00dcniversitesi Veteriner Fak\u00fcltesi'nde lisans e\u011fitimini tamamlam\u0131\u015f, staj\u0131n\u0131 \u0130zmir TJK ve","robots":{"index":"index","follow":"follow","max-snippet":"max-snippet:-1","max-image-preview":"max-image-preview:large","max-video-preview":"max-video-preview:-1"},"canonical":"https:\/\/veterineronkoloji.com\/ayse-can\/","og_locale":"en_US","og_type":"article","og_title":"Veteriner Onkoloji - Ay\u015fe Can","og_description":"1989 y\u0131l\u0131nda Bulgaristan'da do\u011fmu\u015ftur. 2011 y\u0131l\u0131nda \u0130stanbul \u00dcniversitesi Veteriner Fak\u00fcltesi'nde lisans e\u011fitimini tamamlam\u0131\u015f, staj\u0131n\u0131 \u0130zmir TJK ve","og_url":"https:\/\/veterineronkoloji.com\/ayse-can\/","og_site_name":"Veteriner Onkoloji","article_publisher":"https:\/\/www.facebook.com\/adaveterinerpoliklinik\/","article_modified_time":"2024-07-07T16:05:10+00:00","og_image":[{"width":400,"height":400,"url":"https:\/\/veterineronkoloji.com\/wp-content\/uploads\/2022\/11\/ayse-can-00b1d0ad.jpg","type":"image\/jpeg"}],"twitter_card":"summary_large_image","twitter_site":"@AdaPoliclinic","twitter_misc":{"Est. reading time":"2 minutes"},"schema":{"@context":"https:\/\/schema.org","@graph":[{"@type":"WebPage","@id":"https:\/\/veterineronkoloji.com\/ayse-can\/","url":"https:\/\/veterineronkoloji.com\/ayse-can\/","name":"Veteriner Onkoloji - Ay\u015fe Can","isPartOf":{"@id":"https:\/\/veterineronkoloji.com\/#website"},"primaryImageOfPage":{"@id":"https:\/\/veterineronkoloji.com\/ayse-can\/#primaryimage"},"image":{"@id":"https:\/\/veterineronkoloji.com\/ayse-can\/#primaryimage"},"thumbnailUrl":"https:\/\/veterineronkoloji.com\/wp-content\/uploads\/2022\/11\/ayse-can-00b1d0ad.jpg","datePublished":"2024-07-07T15:52:45+00:00","dateModified":"2024-07-07T16:05:10+00:00","description":"1989 y\u0131l\u0131nda Bulgaristan'da do\u011fmu\u015ftur. 2011 y\u0131l\u0131nda \u0130stanbul \u00dcniversitesi Veteriner Fak\u00fcltesi'nde lisans e\u011fitimini tamamlam\u0131\u015f, staj\u0131n\u0131 \u0130zmir TJK ve","breadcrumb":{"@id":"https:\/\/veterineronkoloji.com\/ayse-can\/#breadcrumb"},"inLanguage":"en-US","potentialAction":[{"@type":"ReadAction","target":["https:\/\/veterineronkoloji.com\/ayse-can\/"]}]},{"@type":"ImageObject","inLanguage":"en-US","@id":"https:\/\/veterineronkoloji.com\/ayse-can\/#primaryimage","url":"https:\/\/veterineronkoloji.com\/wp-content\/uploads\/2022\/11\/ayse-can-00b1d0ad.jpg","contentUrl":"https:\/\/veterineronkoloji.com\/wp-content\/uploads\/2022\/11\/ayse-can-00b1d0ad.jpg","width":400,"height":400},{"@type":"BreadcrumbList","@id":"https:\/\/veterineronkoloji.com\/ayse-can\/#breadcrumb","itemListElement":[{"@type":"ListItem","position":1,"name":"Anasayfa","item":"https:\/\/veterineronkoloji.com\/en\/"},{"@type":"ListItem","position":2,"name":"Ay\u015fe Can"}]},{"@type":"WebSite","@id":"https:\/\/veterineronkoloji.com\/#website","url":"https:\/\/veterineronkoloji.com\/","name":"Veteriner Onkoloji","description":"Ada Veteriner","publisher":{"@id":"https:\/\/veterineronkoloji.com\/#organization"},"potentialAction":[{"@type":"SearchAction","target":{"@type":"EntryPoint","urlTemplate":"https:\/\/veterineronkoloji.com\/?s={search_term_string}"},"query-input":"required name=search_term_string"}],"inLanguage":"en-US"},{"@type":"Organization","@id":"https:\/\/veterineronkoloji.com\/#organization","name":"Ada Veteriner - Veteriner Onkoloji","url":"https:\/\/veterineronkoloji.com\/","logo":{"@type":"ImageObject","inLanguage":"en-US","@id":"https:\/\/veterineronkoloji.com\/#\/schema\/logo\/image\/","url":"https:\/\/veterineronkoloji.com\/wp-content\/uploads\/2023\/04\/ada-veterinary-oncology-clinic-logo.png","contentUrl":"https:\/\/veterineronkoloji.com\/wp-content\/uploads\/2023\/04\/ada-veterinary-oncology-clinic-logo.png","width":324,"height":200,"caption":"Ada Veteriner - Veteriner Onkoloji"},"image":{"@id":"https:\/\/veterineronkoloji.com\/#\/schema\/logo\/image\/"},"sameAs":["https:\/\/www.facebook.com\/adaveterinerpoliklinik\/","https:\/\/x.com\/AdaPoliclinic","https:\/\/www.instagram.com\/adapoliclinic\/","https:\/\/www.linkedin.com\/company\/ada-veterinary-policlinic\/"]}]}},"_links":{"self":[{"href":"https:\/\/veterineronkoloji.com\/en\/wp-json\/wp\/v2\/pages\/6059","targetHints":{"allow":["GET"]}}],"collection":[{"href":"https:\/\/veterineronkoloji.com\/en\/wp-json\/wp\/v2\/pages"}],"about":[{"href":"https:\/\/veterineronkoloji.com\/en\/wp-json\/wp\/v2\/types\/page"}],"author":[{"embeddable":true,"href":"https:\/\/veterineronkoloji.com\/en\/wp-json\/wp\/v2\/users\/1"}],"replies":[{"embeddable":true,"href":"https:\/\/veterineronkoloji.com\/en\/wp-json\/wp\/v2\/comments?post=6059"}],"version-history":[{"count":2,"href":"https:\/\/veterineronkoloji.com\/en\/wp-json\/wp\/v2\/pages\/6059\/revisions"}],"predecessor-version":[{"id":6061,"href":"https:\/\/veterineronkoloji.com\/en\/wp-json\/wp\/v2\/pages\/6059\/revisions\/6061"}],"wp:featuredmedia":[{"embeddable":true,"href":"https:\/\/veterineronkoloji.com\/en\/wp-json\/wp\/v2\/media\/1653"}],"wp:attachment":[{"href":"https:\/\/veterineronkoloji.com\/en\/wp-json\/wp\/v2\/media?parent=6059"}],"curies":[{"name":"wp","href":"https:\/\/api.w.org\/{rel}","templated":true}]}}