{"id":4842,"date":"2023-09-07T16:08:26","date_gmt":"2023-09-07T13:08:26","guid":{"rendered":"https:\/\/veterineronkoloji.com\/merve-dagdelen\/"},"modified":"2023-09-07T16:22:47","modified_gmt":"2023-09-07T13:22:47","slug":"merve-dagdelen","status":"publish","type":"page","link":"https:\/\/veterineronkoloji.com\/en\/merve-dagdelen\/","title":{"rendered":"Merve Da\u011fdelen"},"content":{"rendered":"<section class=\"wpb-content-wrapper\"><p>[vc_row vc_row_background=&#8221;&#8221; css=&#8221;.vc_custom_1668854475547{margin-top: -10px !important;}&#8221;][vc_column width=&#8221;1\/4&#8243;][vc_single_image image=&#8221;4828&#8243; img_size=&#8221;full&#8221; style=&#8221;vc_box_shadow_3d&#8221;][vc_custom_heading text=&#8221;Veterinarian&#8221; font_container=&#8221;tag:h3|font_size:18|text_align:left|color:%23161616&#8243; google_fonts=&#8221;font_family:Merriweather%20Sans%3A300%2C300italic%2Cregular%2Citalic%2C700%2C700italic%2C800%2C800italic|font_style:400%20regular%3A400%3Anormal&#8221; css=&#8221;.vc_custom_1694092919471{margin-top: -20px !important;}&#8221;][\/vc_column][vc_column width=&#8221;3\/4&#8243;][vc_tta_tabs][vc_tta_section title=&#8221;Biography&#8221; tab_id=&#8221;1668852179484-7755a3c4-ad2a&#8221;][vc_column_text]2021 y\u0131l\u0131nda K\u0131r\u0131kkale \u00dcniversitesi veteriner fak\u00fcltesinden mezun oldu. 2020 y\u0131l\u0131nda staj yapt\u0131\u011f\u0131 hastanede bir bu\u00e7uk y\u0131l \u00e7al\u0131\u015ft\u0131. 2023 y\u0131l\u0131ndan itibaren Ada ailesinin bir par\u00e7as\u0131.[\/vc_column_text][\/vc_tta_section][vc_tta_section title=&#8221;Seminars, Congresses and Panels&#8221; tab_id=&#8221;1668852179484-c7ce5308-7a7e&#8221;][\/vc_tta_section][vc_tta_section title=&#8221;Publications&#8221; tab_id=&#8221;1668852320081-7d219a20-d9b5&#8243;][\/vc_tta_section][vc_tta_section i_icon_fontawesome=&#8221;fas fa-photo-video&#8221; add_icon=&#8221;true&#8221; title=&#8221;Gallery&#8221; tab_id=&#8221;1669372149064-ab0fc964-11e2&#8243;][\/vc_tta_section][\/vc_tta_tabs][\/vc_column][\/vc_row]<\/p>\n<\/section>","protected":false},"excerpt":{"rendered":"<p>[vc_row vc_row_background=&#8221;&#8221; css=&#8221;.vc_custom_1668854475547{margin-top: -10px !important;}&#8221;][vc_column width=&#8221;1\/4&#8243;][vc_single_image image=&#8221;4828&#8243; img_size=&#8221;full&#8221; style=&#8221;vc_box_shadow_3d&#8221;][vc_custom_heading text=&#8221;Veterinarian&#8221; font_container=&#8221;tag:h3|font_size:18|text_align:left|color:%23161616&#8243; google_fonts=&#8221;font_family:Merriweather%20Sans%3A300%2C300italic%2Cregular%2Citalic%2C700%2C700italic%2C800%2C800italic|font_style:400%20regular%3A400%3Anormal&#8221; css=&#8221;.vc_custom_1694092919471{margin-top: -20px !important;}&#8221;][\/vc_column][vc_column width=&#8221;3\/4&#8243;][vc_tta_tabs][vc_tta_section title=&#8221;Biography&#8221; tab_id=&#8221;1668852179484-7755a3c4-ad2a&#8221;][vc_column_text]2021 y\u0131l\u0131nda K\u0131r\u0131kkale \u00dcniversitesi veteriner fak\u00fcltesinden mezun oldu. 2020 y\u0131l\u0131nda staj yapt\u0131\u011f\u0131 hastanede bir bu\u00e7uk y\u0131l \u00e7al\u0131\u015ft\u0131. 2023 y\u0131l\u0131ndan itibaren Ada ailesinin bir par\u00e7as\u0131.[\/vc_column_text][\/vc_tta_section][vc_tta_section title=&#8221;Seminars, Congresses and Panels&#8221; tab_id=&#8221;1668852179484-c7ce5308-7a7e&#8221;][\/vc_tta_section][vc_tta_section title=&#8221;Publications&#8221; tab_id=&#8221;1668852320081-7d219a20-d9b5&#8243;][\/vc_tta_section][vc_tta_section i_icon_fontawesome=&#8221;fas fa-photo-video&#8221; add_icon=&#8221;true&#8221; title=&#8221;Gallery&#8221; tab_id=&#8221;1669372149064-ab0fc964-11e2&#8243;][\/vc_tta_section][\/vc_tta_tabs][\/vc_column][\/vc_row]<\/p>\n","protected":false},"author":1,"featured_media":4828,"parent":0,"menu_order":0,"comment_status":"closed","ping_status":"closed","template":"","meta":{"footnotes":""},"class_list":["post-4842","page","type-page","status-publish","has-post-thumbnail","hentry"],"yoast_head":"<!-- This site is optimized with the Yoast SEO plugin v22.6 - https:\/\/yoast.com\/wordpress\/plugins\/seo\/ -->\n<title>Veteriner Onkoloji - Merve Da\u011fdelen<\/title>\n<meta name=\"description\" content=\"2021 y\u0131l\u0131nda K\u0131r\u0131kkale \u00dcniversitesi veteriner fak\u00fcltesinden mezun oldu. 2020 y\u0131l\u0131nda staj yapt\u0131\u011f\u0131 hastanede bir bu\u00e7uk y\u0131l \u00e7al\u0131\u015ft\u0131.2023 y\u0131l\u0131ndan itibaren Ada ailesinin bir par\u00e7as\u0131.\" \/>\n<meta name=\"robots\" content=\"index, follow, max-snippet:-1, max-image-preview:large, max-video-preview:-1\" \/>\n<link rel=\"canonical\" href=\"https:\/\/veterineronkoloji.com\/merve-dagdelen\/\" \/>\n<meta property=\"og:locale\" content=\"en_US\" \/>\n<meta property=\"og:type\" content=\"article\" \/>\n<meta property=\"og:title\" content=\"Veteriner Onkoloji - Merve Da\u011fdelen\" \/>\n<meta property=\"og:description\" content=\"2021 y\u0131l\u0131nda K\u0131r\u0131kkale \u00dcniversitesi veteriner fak\u00fcltesinden mezun oldu. 2020 y\u0131l\u0131nda staj yapt\u0131\u011f\u0131 hastanede bir bu\u00e7uk y\u0131l \u00e7al\u0131\u015ft\u0131.2023 y\u0131l\u0131ndan itibaren Ada ailesinin bir par\u00e7as\u0131.\" \/>\n<meta property=\"og:url\" content=\"https:\/\/veterineronkoloji.com\/merve-dagdelen\/\" \/>\n<meta property=\"og:site_name\" content=\"Veteriner Onkoloji\" \/>\n<meta property=\"article:publisher\" content=\"https:\/\/www.facebook.com\/adaveterinerpoliklinik\/\" \/>\n<meta property=\"article:modified_time\" content=\"2023-09-07T13:22:47+00:00\" \/>\n<meta property=\"og:image\" content=\"https:\/\/veterineronkoloji.com\/wp-content\/uploads\/2023\/09\/merve-dagdelen.jpg\" \/>\n\t<meta property=\"og:image:width\" content=\"1000\" \/>\n\t<meta property=\"og:image:height\" content=\"1178\" \/>\n\t<meta property=\"og:image:type\" content=\"image\/jpeg\" \/>\n<meta name=\"twitter:card\" content=\"summary_large_image\" \/>\n<meta name=\"twitter:site\" content=\"@AdaPoliclinic\" \/>\n<meta name=\"twitter:label1\" content=\"Est. reading time\" \/>\n\t<meta name=\"twitter:data1\" content=\"1 minute\" \/>\n<script type=\"application\/ld+json\" class=\"yoast-schema-graph\">{\"@context\":\"https:\/\/schema.org\",\"@graph\":[{\"@type\":\"WebPage\",\"@id\":\"https:\/\/veterineronkoloji.com\/merve-dagdelen\/\",\"url\":\"https:\/\/veterineronkoloji.com\/merve-dagdelen\/\",\"name\":\"Veteriner Onkoloji - Merve Da\u011fdelen\",\"isPartOf\":{\"@id\":\"https:\/\/veterineronkoloji.com\/#website\"},\"primaryImageOfPage\":{\"@id\":\"https:\/\/veterineronkoloji.com\/merve-dagdelen\/#primaryimage\"},\"image\":{\"@id\":\"https:\/\/veterineronkoloji.com\/merve-dagdelen\/#primaryimage\"},\"thumbnailUrl\":\"https:\/\/veterineronkoloji.com\/wp-content\/uploads\/2023\/09\/merve-dagdelen.jpg\",\"datePublished\":\"2023-09-07T13:08:26+00:00\",\"dateModified\":\"2023-09-07T13:22:47+00:00\",\"description\":\"2021 y\u0131l\u0131nda K\u0131r\u0131kkale \u00dcniversitesi veteriner fak\u00fcltesinden mezun oldu. 2020 y\u0131l\u0131nda staj yapt\u0131\u011f\u0131 hastanede bir bu\u00e7uk y\u0131l \u00e7al\u0131\u015ft\u0131.2023 y\u0131l\u0131ndan itibaren Ada ailesinin bir par\u00e7as\u0131.\",\"breadcrumb\":{\"@id\":\"https:\/\/veterineronkoloji.com\/merve-dagdelen\/#breadcrumb\"},\"inLanguage\":\"en-US\",\"potentialAction\":[{\"@type\":\"ReadAction\",\"target\":[\"https:\/\/veterineronkoloji.com\/merve-dagdelen\/\"]}]},{\"@type\":\"ImageObject\",\"inLanguage\":\"en-US\",\"@id\":\"https:\/\/veterineronkoloji.com\/merve-dagdelen\/#primaryimage\",\"url\":\"https:\/\/veterineronkoloji.com\/wp-content\/uploads\/2023\/09\/merve-dagdelen.jpg\",\"contentUrl\":\"https:\/\/veterineronkoloji.com\/wp-content\/uploads\/2023\/09\/merve-dagdelen.jpg\",\"width\":1000,\"height\":1178},{\"@type\":\"BreadcrumbList\",\"@id\":\"https:\/\/veterineronkoloji.com\/merve-dagdelen\/#breadcrumb\",\"itemListElement\":[{\"@type\":\"ListItem\",\"position\":1,\"name\":\"Anasayfa\",\"item\":\"https:\/\/veterineronkoloji.com\/en\/\"},{\"@type\":\"ListItem\",\"position\":2,\"name\":\"Merve Da\u011fdelen\"}]},{\"@type\":\"WebSite\",\"@id\":\"https:\/\/veterineronkoloji.com\/#website\",\"url\":\"https:\/\/veterineronkoloji.com\/\",\"name\":\"Veteriner Onkoloji\",\"description\":\"Ada Veteriner\",\"publisher\":{\"@id\":\"https:\/\/veterineronkoloji.com\/#organization\"},\"potentialAction\":[{\"@type\":\"SearchAction\",\"target\":{\"@type\":\"EntryPoint\",\"urlTemplate\":\"https:\/\/veterineronkoloji.com\/?s={search_term_string}\"},\"query-input\":\"required name=search_term_string\"}],\"inLanguage\":\"en-US\"},{\"@type\":\"Organization\",\"@id\":\"https:\/\/veterineronkoloji.com\/#organization\",\"name\":\"Ada Veteriner - Veteriner Onkoloji\",\"url\":\"https:\/\/veterineronkoloji.com\/\",\"logo\":{\"@type\":\"ImageObject\",\"inLanguage\":\"en-US\",\"@id\":\"https:\/\/veterineronkoloji.com\/#\/schema\/logo\/image\/\",\"url\":\"https:\/\/veterineronkoloji.com\/wp-content\/uploads\/2023\/04\/ada-veterinary-oncology-clinic-logo.png\",\"contentUrl\":\"https:\/\/veterineronkoloji.com\/wp-content\/uploads\/2023\/04\/ada-veterinary-oncology-clinic-logo.png\",\"width\":324,\"height\":200,\"caption\":\"Ada Veteriner - Veteriner Onkoloji\"},\"image\":{\"@id\":\"https:\/\/veterineronkoloji.com\/#\/schema\/logo\/image\/\"},\"sameAs\":[\"https:\/\/www.facebook.com\/adaveterinerpoliklinik\/\",\"https:\/\/x.com\/AdaPoliclinic\",\"https:\/\/www.instagram.com\/adapoliclinic\/\",\"https:\/\/www.linkedin.com\/company\/ada-veterinary-policlinic\/\"]}]}<\/script>\n<!-- \/ Yoast SEO plugin. -->","yoast_head_json":{"title":"Veteriner Onkoloji - Merve Da\u011fdelen","description":"2021 y\u0131l\u0131nda K\u0131r\u0131kkale \u00dcniversitesi veteriner fak\u00fcltesinden mezun oldu. 2020 y\u0131l\u0131nda staj yapt\u0131\u011f\u0131 hastanede bir bu\u00e7uk y\u0131l \u00e7al\u0131\u015ft\u0131.2023 y\u0131l\u0131ndan itibaren Ada ailesinin bir par\u00e7as\u0131.","robots":{"index":"index","follow":"follow","max-snippet":"max-snippet:-1","max-image-preview":"max-image-preview:large","max-video-preview":"max-video-preview:-1"},"canonical":"https:\/\/veterineronkoloji.com\/merve-dagdelen\/","og_locale":"en_US","og_type":"article","og_title":"Veteriner Onkoloji - Merve Da\u011fdelen","og_description":"2021 y\u0131l\u0131nda K\u0131r\u0131kkale \u00dcniversitesi veteriner fak\u00fcltesinden mezun oldu. 2020 y\u0131l\u0131nda staj yapt\u0131\u011f\u0131 hastanede bir bu\u00e7uk y\u0131l \u00e7al\u0131\u015ft\u0131.2023 y\u0131l\u0131ndan itibaren Ada ailesinin bir par\u00e7as\u0131.","og_url":"https:\/\/veterineronkoloji.com\/merve-dagdelen\/","og_site_name":"Veteriner Onkoloji","article_publisher":"https:\/\/www.facebook.com\/adaveterinerpoliklinik\/","article_modified_time":"2023-09-07T13:22:47+00:00","og_image":[{"width":1000,"height":1178,"url":"https:\/\/veterineronkoloji.com\/wp-content\/uploads\/2023\/09\/merve-dagdelen.jpg","type":"image\/jpeg"}],"twitter_card":"summary_large_image","twitter_site":"@AdaPoliclinic","twitter_misc":{"Est. reading time":"1 minute"},"schema":{"@context":"https:\/\/schema.org","@graph":[{"@type":"WebPage","@id":"https:\/\/veterineronkoloji.com\/merve-dagdelen\/","url":"https:\/\/veterineronkoloji.com\/merve-dagdelen\/","name":"Veteriner Onkoloji - Merve Da\u011fdelen","isPartOf":{"@id":"https:\/\/veterineronkoloji.com\/#website"},"primaryImageOfPage":{"@id":"https:\/\/veterineronkoloji.com\/merve-dagdelen\/#primaryimage"},"image":{"@id":"https:\/\/veterineronkoloji.com\/merve-dagdelen\/#primaryimage"},"thumbnailUrl":"https:\/\/veterineronkoloji.com\/wp-content\/uploads\/2023\/09\/merve-dagdelen.jpg","datePublished":"2023-09-07T13:08:26+00:00","dateModified":"2023-09-07T13:22:47+00:00","description":"2021 y\u0131l\u0131nda K\u0131r\u0131kkale \u00dcniversitesi veteriner fak\u00fcltesinden mezun oldu. 2020 y\u0131l\u0131nda staj yapt\u0131\u011f\u0131 hastanede bir bu\u00e7uk y\u0131l \u00e7al\u0131\u015ft\u0131.2023 y\u0131l\u0131ndan itibaren Ada ailesinin bir par\u00e7as\u0131.","breadcrumb":{"@id":"https:\/\/veterineronkoloji.com\/merve-dagdelen\/#breadcrumb"},"inLanguage":"en-US","potentialAction":[{"@type":"ReadAction","target":["https:\/\/veterineronkoloji.com\/merve-dagdelen\/"]}]},{"@type":"ImageObject","inLanguage":"en-US","@id":"https:\/\/veterineronkoloji.com\/merve-dagdelen\/#primaryimage","url":"https:\/\/veterineronkoloji.com\/wp-content\/uploads\/2023\/09\/merve-dagdelen.jpg","contentUrl":"https:\/\/veterineronkoloji.com\/wp-content\/uploads\/2023\/09\/merve-dagdelen.jpg","width":1000,"height":1178},{"@type":"BreadcrumbList","@id":"https:\/\/veterineronkoloji.com\/merve-dagdelen\/#breadcrumb","itemListElement":[{"@type":"ListItem","position":1,"name":"Anasayfa","item":"https:\/\/veterineronkoloji.com\/en\/"},{"@type":"ListItem","position":2,"name":"Merve Da\u011fdelen"}]},{"@type":"WebSite","@id":"https:\/\/veterineronkoloji.com\/#website","url":"https:\/\/veterineronkoloji.com\/","name":"Veteriner Onkoloji","description":"Ada Veteriner","publisher":{"@id":"https:\/\/veterineronkoloji.com\/#organization"},"potentialAction":[{"@type":"SearchAction","target":{"@type":"EntryPoint","urlTemplate":"https:\/\/veterineronkoloji.com\/?s={search_term_string}"},"query-input":"required name=search_term_string"}],"inLanguage":"en-US"},{"@type":"Organization","@id":"https:\/\/veterineronkoloji.com\/#organization","name":"Ada Veteriner - Veteriner Onkoloji","url":"https:\/\/veterineronkoloji.com\/","logo":{"@type":"ImageObject","inLanguage":"en-US","@id":"https:\/\/veterineronkoloji.com\/#\/schema\/logo\/image\/","url":"https:\/\/veterineronkoloji.com\/wp-content\/uploads\/2023\/04\/ada-veterinary-oncology-clinic-logo.png","contentUrl":"https:\/\/veterineronkoloji.com\/wp-content\/uploads\/2023\/04\/ada-veterinary-oncology-clinic-logo.png","width":324,"height":200,"caption":"Ada Veteriner - Veteriner Onkoloji"},"image":{"@id":"https:\/\/veterineronkoloji.com\/#\/schema\/logo\/image\/"},"sameAs":["https:\/\/www.facebook.com\/adaveterinerpoliklinik\/","https:\/\/x.com\/AdaPoliclinic","https:\/\/www.instagram.com\/adapoliclinic\/","https:\/\/www.linkedin.com\/company\/ada-veterinary-policlinic\/"]}]}},"_links":{"self":[{"href":"https:\/\/veterineronkoloji.com\/en\/wp-json\/wp\/v2\/pages\/4842","targetHints":{"allow":["GET"]}}],"collection":[{"href":"https:\/\/veterineronkoloji.com\/en\/wp-json\/wp\/v2\/pages"}],"about":[{"href":"https:\/\/veterineronkoloji.com\/en\/wp-json\/wp\/v2\/types\/page"}],"author":[{"embeddable":true,"href":"https:\/\/veterineronkoloji.com\/en\/wp-json\/wp\/v2\/users\/1"}],"replies":[{"embeddable":true,"href":"https:\/\/veterineronkoloji.com\/en\/wp-json\/wp\/v2\/comments?post=4842"}],"version-history":[{"count":3,"href":"https:\/\/veterineronkoloji.com\/en\/wp-json\/wp\/v2\/pages\/4842\/revisions"}],"predecessor-version":[{"id":4846,"href":"https:\/\/veterineronkoloji.com\/en\/wp-json\/wp\/v2\/pages\/4842\/revisions\/4846"}],"wp:featuredmedia":[{"embeddable":true,"href":"https:\/\/veterineronkoloji.com\/en\/wp-json\/wp\/v2\/media\/4828"}],"wp:attachment":[{"href":"https:\/\/veterineronkoloji.com\/en\/wp-json\/wp\/v2\/media?parent=4842"}],"curies":[{"name":"wp","href":"https:\/\/api.w.org\/{rel}","templated":true}]}}