{"id":2036,"date":"2020-06-09T03:19:06","date_gmt":"2020-06-09T00:19:06","guid":{"rendered":"https:\/\/metinormanurunleri.com\/vetonk\/contact\/"},"modified":"2022-12-14T13:47:42","modified_gmt":"2022-12-14T10:47:42","slug":"contact","status":"publish","type":"page","link":"https:\/\/veterineronkoloji.com\/en\/contact\/","title":{"rendered":"Contact"},"content":{"rendered":"<section class=\"wpb-content-wrapper\"><p>[vc_row full_width=&#8221;stretch_row&#8221; vc_row_background=&#8221;&#8221; no_padding=&#8221;yes&#8221; css=&#8221;.vc_custom_1668017287760{margin-top: -140px !important;margin-bottom: 30px !important;padding-top: 20px !important;padding-bottom: 20px !important;background-color: #828282 !important;}&#8221;][vc_column][vc_custom_heading text=&#8221;Contact Us&#8221; font_container=&#8221;tag:h1|font_size:42|text_align:center|color:%23ffffff&#8221; google_fonts=&#8221;font_family:Roboto%20Slab%3A100%2C300%2Cregular%2C700|font_style:700%20bold%20regular%3A700%3Anormal&#8221; css=&#8221;.vc_custom_1667921073703{margin-top: 30px !important;}&#8221;][vc_custom_heading text=&#8221;&#8230;&#8221; font_container=&#8221;tag:p|font_size:20|text_align:center|color:%23ffffff&#8221; google_fonts=&#8221;font_family:Montserrat%3Aregular%2C700|font_style:400%20regular%3A400%3Anormal&#8221; css=&#8221;.vc_custom_1667921204351{margin-top: 30px !important;}&#8221;][vc_message message_box_color=&#8221;grey&#8221; icon_fontawesome=&#8221;fas fa-map-marker-alt&#8221;]<\/p>\n<p style=\"text-align: center;\">Levent Mah. S\u00fcl\u00fcn Sokak No: 14 1. Levent &#8211; Be\u015fikta\u015f \/ \u0130stanbul<\/p>\n<p>[\/vc_message][vc_message message_box_color=&#8221;grey&#8221; icon_fontawesome=&#8221;fas fa-phone-alt&#8221;]<\/p>\n<p style=\"text-align: center;\">0212 324 67 32-33<\/p>\n<p>[\/vc_message][vc_message message_box_color=&#8221;grey&#8221; icon_fontawesome=&#8221;fas fa-mobile-alt&#8221;]<\/p>\n<p style=\"text-align: center;\">0530 403 55 05<\/p>\n<p>[\/vc_message][vc_message message_box_color=&#8221;grey&#8221; icon_fontawesome=&#8221;fas fa-envelope&#8221;]<\/p>\n<p style=\"text-align: center;\"><a title=\"mail adress\" href=\"mailto:info@veterineronkoloji.com\" target=\"\" rel=\"noopener\">info@veterineronkoloji.com<\/a><\/p>\n<p>[\/vc_message]<div  class='jeg_social_wrap jeg_aligncenter '>\n\t\t\t\t\n\t\t\t    <div class='socials_widget   nobg'>\n\t\t\t\t    \n\t\t\t    <\/div>\n\t\t\t    \n\t\t    <\/div><style scoped>.jnews_module__1_69d4e17e40c72.jeg_social_icon_block a .fa { color: #fcfcfc !important; }.jnews_module__1_69d4e17e40c72.jeg_social_icon_block a .jeg-icon svg { fill: #fcfcfc !important; }<\/style><div  class='jeg_social_icon_block socials_widget jnews_module__1_69d4e17e40c72 nobg '><a href=\"https:\/\/www.instagram.com\/adapoliclinic\/\" target='_blank' rel='external noopener nofollow' class=\"jeg_instagram\"><i class=\"fa fa-instagram\"><\/i> <\/a><a href=\"https:\/\/www.facebook.com\/adaveterinerpoliklinik\/\" target='_blank' rel='external noopener nofollow' class=\"jeg_facebook\"><i class=\"fa fa-facebook\"><\/i> <\/a><a href=\"https:\/\/twitter.com\/AdaPoliclinic\" target='_blank' rel='external noopener nofollow' class=\"jeg_twitter\"><i class=\"fa fa-twitter\"><span class=\"jeg-icon icon-twitter\"><svg xmlns=\"http:\/\/www.w3.org\/2000\/svg\" height=\"1em\" viewBox=\"0 0 512 512\"><!--! Font Awesome Free 6.4.2 by @fontawesome - https:\/\/fontawesome.com License - https:\/\/fontawesome.com\/license (Commercial License) Copyright 2023 Fonticons, Inc. --><path d=\"M389.2 48h70.6L305.6 224.2 487 464H345L233.7 318.6 106.5 464H35.8L200.7 275.5 26.8 48H172.4L272.9 180.9 389.2 48zM364.4 421.8h39.1L151.1 88h-42L364.4 421.8z\"\/><\/svg><\/span><\/i> <\/a><a href=\"https:\/\/www.linkedin.com\/company\/ada-veterinary-policlinic\/\" target='_blank' rel='external noopener nofollow' class=\"jeg_linkedin\"><i class=\"fa fa-linkedin\"><\/i> <\/a><a href=\"https:\/\/www.youtube.com\/@AdaVeterinerPoliklinigi\" target='_blank' rel='external noopener nofollow' class=\"jeg_youtube\"><i class=\"fa fa-youtube-play\"><\/i> <\/a><\/div>[\/vc_column][\/vc_row][vc_row wrap_container=&#8221;yes&#8221; el_class=&#8221;py-5&#8243;][vc_column width=&#8221;1\/2&#8243;][vc_custom_heading text=&#8221;Write Us&#8221; font_container=&#8221;tag:h3|text_align:left|line_height:1&#8243; use_theme_fonts=&#8221;yes&#8221; el_class=&#8221;mb-2 mt-3&#8243; css=&#8221;.vc_custom_1667914895092{margin-bottom: 30px !important;}&#8221;][vc_column_text]<div class=\"wpforms-container wpforms-container-full\" id=\"wpforms-3241\"><form id=\"wpforms-form-3241\" class=\"wpforms-validate wpforms-form wpforms-ajax-form\" data-formid=\"3241\" method=\"post\" enctype=\"multipart\/form-data\" action=\"\/en\/wp-json\/wp\/v2\/pages\/2036\" data-token=\"16a423bd030be21c280c34a039132a98\"><noscript class=\"wpforms-error-noscript\">Please enable JavaScript in your browser to complete this form.<\/noscript><div class=\"wpforms-field-container\"><div id=\"wpforms-3241-field_0-container\" class=\"wpforms-field wpforms-field-name\" data-field-id=\"0\"><label class=\"wpforms-field-label\" for=\"wpforms-3241-field_0\">Name <span class=\"wpforms-required-label\">*<\/span><\/label><input type=\"text\" id=\"wpforms-3241-field_0\" class=\"wpforms-field-medium wpforms-field-required\" name=\"wpforms[fields][0]\" required><\/div><div id=\"wpforms-3241-field_1-container\" class=\"wpforms-field wpforms-field-email\" data-field-id=\"1\"><label class=\"wpforms-field-label\" for=\"wpforms-3241-field_1\">E-mail <span class=\"wpforms-required-label\">*<\/span><\/label><input type=\"email\" id=\"wpforms-3241-field_1\" class=\"wpforms-field-medium wpforms-field-required\" name=\"wpforms[fields][1]\" required><\/div><div id=\"wpforms-3241-field_2-container\" class=\"wpforms-field wpforms-field-textarea\" data-field-id=\"2\"><label class=\"wpforms-field-label\" for=\"wpforms-3241-field_2\">Message <span class=\"wpforms-required-label\">*<\/span><\/label><textarea id=\"wpforms-3241-field_2\" class=\"wpforms-field-medium wpforms-field-required\" name=\"wpforms[fields][2]\" required><\/textarea><\/div><\/div><div class=\"wpforms-recaptcha-container wpforms-is-recaptcha\"><div class=\"g-recaptcha\" data-sitekey=\"6LdVSnQlAAAAAAN69NE6Td29n7WO2Avf08GCBCOu\"><\/div><input type=\"text\" name=\"g-recaptcha-hidden\" class=\"wpforms-recaptcha-hidden\" style=\"position:absolute!important;clip:rect(0,0,0,0)!important;height:1px!important;width:1px!important;border:0!important;overflow:hidden!important;padding:0!important;margin:0!important;\" required><\/div><div class=\"wpforms-submit-container\"><input type=\"hidden\" name=\"wpforms[id]\" value=\"3241\"><input type=\"hidden\" name=\"wpforms[author]\" value=\"1\"><button type=\"submit\" name=\"wpforms[submit]\" id=\"wpforms-submit-3241\" class=\"wpforms-submit\" data-alt-text=\"Sending...\" data-submit-text=\"Submit\" aria-live=\"assertive\" value=\"wpforms-submit\">Submit<\/button><img decoding=\"async\" src=\"https:\/\/veterineronkoloji.com\/wp-content\/plugins\/wpforms\/assets\/images\/submit-spin.svg\" class=\"wpforms-submit-spinner\" style=\"display: none;\" width=\"26\" height=\"26\" alt=\"Loading\"><\/div><\/form><\/div>  <!-- .wpforms-container -->[\/vc_column_text][\/vc_column][vc_column width=&#8221;1\/2&#8243;][vc_gmaps link=&#8221;#E-8_JTNDaWZyYW1lJTIwc3JjJTNEJTIyaHR0cHMlM0ElMkYlMkZ3d3cuZ29vZ2xlLmNvbSUyRm1hcHMlMkZlbWJlZCUzRnBiJTNEJTIxMW0xOCUyMTFtMTIlMjExbTMlMjExZDMwMDcuNjE3NTUyNDg2MTI4MyUyMTJkMjkuMDE3MjQ1NjE1MDc4MjU2JTIxM2Q0MS4wNzczNTE3NzkyOTM5MSUyMTJtMyUyMTFmMCUyMTJmMCUyMTNmMCUyMTNtMiUyMTFpMTAyNCUyMTJpNzY4JTIxNGYxMy4xJTIxM20zJTIxMW0yJTIxMXMweDE0Y2FiNjZhNTk5ODU0YWIlMjUzQTB4YzM4YmExZmVlZTk5NGRjMyUyMTJzQWRhJTI1MjBWZXRlcmluZXIlMjUyMFBvbGlrbGluaSUyNUM0JTI1OUZpJTIxNWUwJTIxM20yJTIxMXN0ciUyMTJzdHIlMjE0djE2Njc5MTQ4MjE1NzQlMjE1bTIlMjExc3RyJTIxMnN0ciUyMiUyMHdpZHRoJTNEJTIyNjAwJTIyJTIwaGVpZ2h0JTNEJTIyNDUwJTIyJTIwc3R5bGUlM0QlMjJib3JkZXIlM0EwJTNCJTIyJTIwYWxsb3dmdWxsc2NyZWVuJTNEJTIyJTIyJTIwbG9hZGluZyUzRCUyMmxhenklMjIlMjByZWZlcnJlcnBvbGljeSUzRCUyMm5vLXJlZmVycmVyLXdoZW4tZG93bmdyYWRlJTIyJTNFJTNDJTJGaWZyYW1lJTNF&#8221;][\/vc_column][\/vc_row]<\/p>\n<\/section>","protected":false},"excerpt":{"rendered":"<p>[vc_row full_width=&#8221;stretch_row&#8221; vc_row_background=&#8221;&#8221; no_padding=&#8221;yes&#8221; css=&#8221;.vc_custom_1668017287760{margin-top: -140px !important;margin-bottom: 30px !important;padding-top: 20px !important;padding-bottom: 20px !important;background-color: #828282 !important;}&#8221;][vc_column][vc_custom_heading text=&#8221;Contact Us&#8221; font_container=&#8221;tag:h1|font_size:42|text_align:center|color:%23ffffff&#8221; google_fonts=&#8221;font_family:Roboto%20Slab%3A100%2C300%2Cregular%2C700|font_style:700%20bold%20regular%3A700%3Anormal&#8221; css=&#8221;.vc_custom_1667921073703{margin-top: 30px !important;}&#8221;][vc_custom_heading text=&#8221;&#8230;&#8221; font_container=&#8221;tag:p|font_size:20|text_align:center|color:%23ffffff&#8221; google_fonts=&#8221;font_family:Montserrat%3Aregular%2C700|font_style:400%20regular%3A400%3Anormal&#8221; css=&#8221;.vc_custom_1667921204351{margin-top: 30px !important;}&#8221;][vc_message message_box_color=&#8221;grey&#8221; icon_fontawesome=&#8221;fas fa-map-marker-alt&#8221;] Levent Mah. S\u00fcl\u00fcn Sokak No: 14 1. Levent &#8211; Be\u015fikta\u015f \/ \u0130stanbul [\/vc_message][vc_message message_box_color=&#8221;grey&#8221; icon_fontawesome=&#8221;fas fa-phone-alt&#8221;] 0212 324 67 32-33 [\/vc_message][vc_message message_box_color=&#8221;grey&#8221; icon_fontawesome=&#8221;fas fa-mobile-alt&#8221;] [&hellip;]<\/p>\n","protected":false},"author":1,"featured_media":0,"parent":0,"menu_order":0,"comment_status":"closed","ping_status":"closed","template":"","meta":{"footnotes":""},"class_list":["post-2036","page","type-page","status-publish","hentry"],"yoast_head":"<!-- This site is optimized with the Yoast SEO plugin v22.6 - https:\/\/yoast.com\/wordpress\/plugins\/seo\/ -->\n<title>Veteriner Onkoloji - Contact<\/title>\n<meta name=\"description\" content=\"Levent Mah. S\u00fcl\u00fcn Sokak No: 14 1. Levent - Be\u015fikta\u015f \/ \u0130stanbul 0212 324 67 32-33 0530 403 55 05 info@veterineronkoloji.com\" \/>\n<meta name=\"robots\" content=\"index, follow, max-snippet:-1, max-image-preview:large, max-video-preview:-1\" \/>\n<link rel=\"canonical\" href=\"https:\/\/veterineronkoloji.com\/en\/contact\/\" \/>\n<meta property=\"og:locale\" content=\"en_US\" \/>\n<meta property=\"og:type\" content=\"article\" \/>\n<meta property=\"og:title\" content=\"Veteriner Onkoloji - Contact\" \/>\n<meta property=\"og:description\" content=\"Levent Mah. S\u00fcl\u00fcn Sokak No: 14 1. Levent - Be\u015fikta\u015f \/ \u0130stanbul 0212 324 67 32-33 0530 403 55 05 info@veterineronkoloji.com\" \/>\n<meta property=\"og:url\" content=\"https:\/\/veterineronkoloji.com\/en\/contact\/\" \/>\n<meta property=\"og:site_name\" content=\"Veteriner Onkoloji\" \/>\n<meta property=\"article:publisher\" content=\"https:\/\/www.facebook.com\/adaveterinerpoliklinik\/\" \/>\n<meta property=\"article:modified_time\" content=\"2022-12-14T10:47:42+00:00\" \/>\n<meta property=\"og:image\" content=\"https:\/\/veterineronkoloji.com\/wp-content\/uploads\/2023\/08\/ada-veterinary-oncology-clinic.jpg\" \/>\n\t<meta property=\"og:image:width\" content=\"400\" \/>\n\t<meta property=\"og:image:height\" content=\"200\" \/>\n\t<meta property=\"og:image:type\" content=\"image\/jpeg\" \/>\n<meta name=\"twitter:card\" content=\"summary_large_image\" \/>\n<meta name=\"twitter:site\" content=\"@AdaPoliclinic\" \/>\n<meta name=\"twitter:label1\" content=\"Est. reading time\" \/>\n\t<meta name=\"twitter:data1\" content=\"2 minutes\" \/>\n<script type=\"application\/ld+json\" class=\"yoast-schema-graph\">{\"@context\":\"https:\/\/schema.org\",\"@graph\":[{\"@type\":\"WebPage\",\"@id\":\"https:\/\/veterineronkoloji.com\/en\/contact\/\",\"url\":\"https:\/\/veterineronkoloji.com\/en\/contact\/\",\"name\":\"Veteriner Onkoloji - Contact\",\"isPartOf\":{\"@id\":\"https:\/\/veterineronkoloji.com\/#website\"},\"datePublished\":\"2020-06-09T00:19:06+00:00\",\"dateModified\":\"2022-12-14T10:47:42+00:00\",\"description\":\"Levent Mah. S\u00fcl\u00fcn Sokak No: 14 1. Levent - Be\u015fikta\u015f \/ \u0130stanbul 0212 324 67 32-33 0530 403 55 05 info@veterineronkoloji.com\",\"breadcrumb\":{\"@id\":\"https:\/\/veterineronkoloji.com\/en\/contact\/#breadcrumb\"},\"inLanguage\":\"en-US\",\"potentialAction\":[{\"@type\":\"ReadAction\",\"target\":[\"https:\/\/veterineronkoloji.com\/en\/contact\/\"]}]},{\"@type\":\"BreadcrumbList\",\"@id\":\"https:\/\/veterineronkoloji.com\/en\/contact\/#breadcrumb\",\"itemListElement\":[{\"@type\":\"ListItem\",\"position\":1,\"name\":\"Anasayfa\",\"item\":\"https:\/\/veterineronkoloji.com\/en\/\"},{\"@type\":\"ListItem\",\"position\":2,\"name\":\"Contact\"}]},{\"@type\":\"WebSite\",\"@id\":\"https:\/\/veterineronkoloji.com\/#website\",\"url\":\"https:\/\/veterineronkoloji.com\/\",\"name\":\"Veteriner Onkoloji\",\"description\":\"Ada Veteriner\",\"publisher\":{\"@id\":\"https:\/\/veterineronkoloji.com\/#organization\"},\"potentialAction\":[{\"@type\":\"SearchAction\",\"target\":{\"@type\":\"EntryPoint\",\"urlTemplate\":\"https:\/\/veterineronkoloji.com\/?s={search_term_string}\"},\"query-input\":\"required name=search_term_string\"}],\"inLanguage\":\"en-US\"},{\"@type\":\"Organization\",\"@id\":\"https:\/\/veterineronkoloji.com\/#organization\",\"name\":\"Ada Veteriner - Veteriner Onkoloji\",\"url\":\"https:\/\/veterineronkoloji.com\/\",\"logo\":{\"@type\":\"ImageObject\",\"inLanguage\":\"en-US\",\"@id\":\"https:\/\/veterineronkoloji.com\/#\/schema\/logo\/image\/\",\"url\":\"https:\/\/veterineronkoloji.com\/wp-content\/uploads\/2023\/04\/ada-veterinary-oncology-clinic-logo.png\",\"contentUrl\":\"https:\/\/veterineronkoloji.com\/wp-content\/uploads\/2023\/04\/ada-veterinary-oncology-clinic-logo.png\",\"width\":324,\"height\":200,\"caption\":\"Ada Veteriner - Veteriner Onkoloji\"},\"image\":{\"@id\":\"https:\/\/veterineronkoloji.com\/#\/schema\/logo\/image\/\"},\"sameAs\":[\"https:\/\/www.facebook.com\/adaveterinerpoliklinik\/\",\"https:\/\/x.com\/AdaPoliclinic\",\"https:\/\/www.instagram.com\/adapoliclinic\/\",\"https:\/\/www.linkedin.com\/company\/ada-veterinary-policlinic\/\"]}]}<\/script>\n<!-- \/ Yoast SEO plugin. -->","yoast_head_json":{"title":"Veteriner Onkoloji - Contact","description":"Levent Mah. S\u00fcl\u00fcn Sokak No: 14 1. Levent - Be\u015fikta\u015f \/ \u0130stanbul 0212 324 67 32-33 0530 403 55 05 info@veterineronkoloji.com","robots":{"index":"index","follow":"follow","max-snippet":"max-snippet:-1","max-image-preview":"max-image-preview:large","max-video-preview":"max-video-preview:-1"},"canonical":"https:\/\/veterineronkoloji.com\/en\/contact\/","og_locale":"en_US","og_type":"article","og_title":"Veteriner Onkoloji - Contact","og_description":"Levent Mah. S\u00fcl\u00fcn Sokak No: 14 1. Levent - Be\u015fikta\u015f \/ \u0130stanbul 0212 324 67 32-33 0530 403 55 05 info@veterineronkoloji.com","og_url":"https:\/\/veterineronkoloji.com\/en\/contact\/","og_site_name":"Veteriner Onkoloji","article_publisher":"https:\/\/www.facebook.com\/adaveterinerpoliklinik\/","article_modified_time":"2022-12-14T10:47:42+00:00","og_image":[{"width":400,"height":200,"url":"https:\/\/veterineronkoloji.com\/wp-content\/uploads\/2023\/08\/ada-veterinary-oncology-clinic.jpg","type":"image\/jpeg"}],"twitter_card":"summary_large_image","twitter_site":"@AdaPoliclinic","twitter_misc":{"Est. reading time":"2 minutes"},"schema":{"@context":"https:\/\/schema.org","@graph":[{"@type":"WebPage","@id":"https:\/\/veterineronkoloji.com\/en\/contact\/","url":"https:\/\/veterineronkoloji.com\/en\/contact\/","name":"Veteriner Onkoloji - Contact","isPartOf":{"@id":"https:\/\/veterineronkoloji.com\/#website"},"datePublished":"2020-06-09T00:19:06+00:00","dateModified":"2022-12-14T10:47:42+00:00","description":"Levent Mah. S\u00fcl\u00fcn Sokak No: 14 1. Levent - Be\u015fikta\u015f \/ \u0130stanbul 0212 324 67 32-33 0530 403 55 05 info@veterineronkoloji.com","breadcrumb":{"@id":"https:\/\/veterineronkoloji.com\/en\/contact\/#breadcrumb"},"inLanguage":"en-US","potentialAction":[{"@type":"ReadAction","target":["https:\/\/veterineronkoloji.com\/en\/contact\/"]}]},{"@type":"BreadcrumbList","@id":"https:\/\/veterineronkoloji.com\/en\/contact\/#breadcrumb","itemListElement":[{"@type":"ListItem","position":1,"name":"Anasayfa","item":"https:\/\/veterineronkoloji.com\/en\/"},{"@type":"ListItem","position":2,"name":"Contact"}]},{"@type":"WebSite","@id":"https:\/\/veterineronkoloji.com\/#website","url":"https:\/\/veterineronkoloji.com\/","name":"Veteriner Onkoloji","description":"Ada Veteriner","publisher":{"@id":"https:\/\/veterineronkoloji.com\/#organization"},"potentialAction":[{"@type":"SearchAction","target":{"@type":"EntryPoint","urlTemplate":"https:\/\/veterineronkoloji.com\/?s={search_term_string}"},"query-input":"required name=search_term_string"}],"inLanguage":"en-US"},{"@type":"Organization","@id":"https:\/\/veterineronkoloji.com\/#organization","name":"Ada Veteriner - Veteriner Onkoloji","url":"https:\/\/veterineronkoloji.com\/","logo":{"@type":"ImageObject","inLanguage":"en-US","@id":"https:\/\/veterineronkoloji.com\/#\/schema\/logo\/image\/","url":"https:\/\/veterineronkoloji.com\/wp-content\/uploads\/2023\/04\/ada-veterinary-oncology-clinic-logo.png","contentUrl":"https:\/\/veterineronkoloji.com\/wp-content\/uploads\/2023\/04\/ada-veterinary-oncology-clinic-logo.png","width":324,"height":200,"caption":"Ada Veteriner - Veteriner Onkoloji"},"image":{"@id":"https:\/\/veterineronkoloji.com\/#\/schema\/logo\/image\/"},"sameAs":["https:\/\/www.facebook.com\/adaveterinerpoliklinik\/","https:\/\/x.com\/AdaPoliclinic","https:\/\/www.instagram.com\/adapoliclinic\/","https:\/\/www.linkedin.com\/company\/ada-veterinary-policlinic\/"]}]}},"_links":{"self":[{"href":"https:\/\/veterineronkoloji.com\/en\/wp-json\/wp\/v2\/pages\/2036","targetHints":{"allow":["GET"]}}],"collection":[{"href":"https:\/\/veterineronkoloji.com\/en\/wp-json\/wp\/v2\/pages"}],"about":[{"href":"https:\/\/veterineronkoloji.com\/en\/wp-json\/wp\/v2\/types\/page"}],"author":[{"embeddable":true,"href":"https:\/\/veterineronkoloji.com\/en\/wp-json\/wp\/v2\/users\/1"}],"replies":[{"embeddable":true,"href":"https:\/\/veterineronkoloji.com\/en\/wp-json\/wp\/v2\/comments?post=2036"}],"version-history":[{"count":3,"href":"https:\/\/veterineronkoloji.com\/en\/wp-json\/wp\/v2\/pages\/2036\/revisions"}],"predecessor-version":[{"id":3245,"href":"https:\/\/veterineronkoloji.com\/en\/wp-json\/wp\/v2\/pages\/2036\/revisions\/3245"}],"wp:attachment":[{"href":"https:\/\/veterineronkoloji.com\/en\/wp-json\/wp\/v2\/media?parent=2036"}],"curies":[{"name":"wp","href":"https:\/\/api.w.org\/{rel}","templated":true}]}}